{"id":16593,"date":"2024-08-22T16:54:49","date_gmt":"2024-08-22T14:54:49","guid":{"rendered":"https:\/\/www.djuced.com\/contact\/"},"modified":"2024-08-22T16:54:54","modified_gmt":"2024-08-22T14:54:54","slug":"contact","status":"publish","type":"page","link":"https:\/\/www.djuced.com\/fr\/contact\/","title":{"rendered":"CONTACT"},"content":{"rendered":"<div id='av_section_1'  class='avia-section av-3227z1-3ee45520be4e22709f6403eb5d56c4a5 main_color avia-section-default avia-no-border-styling  avia-builder-el-0  el_before_av_section  avia-builder-el-first  avia-bg-style-scroll av-minimum-height av-minimum-height-25 av-height-25  container_wrap fullsize'   data-av_minimum_height_pc='25' data-av_min_height_opt='25'><div class='container av-section-cont-open' ><main  role=\"main\" itemprop=\"mainContentOfPage\"  class='template-page content  av-content-full alpha units'><div class='post-entry post-entry-type-page post-entry-16593'><div class='entry-content-wrapper clearfix'>\n\n<style type=\"text\/css\" data-created_by=\"avia_inline_auto\" id=\"style-css-av-jo4204k9-df05c5e63d68bb8753f690d28060836c\">\n#top .av-special-heading.av-jo4204k9-df05c5e63d68bb8753f690d28060836c{\npadding-bottom:10px;\n}\nbody .av-special-heading.av-jo4204k9-df05c5e63d68bb8753f690d28060836c .av-special-heading-tag .heading-char{\nfont-size:25px;\n}\n.av-special-heading.av-jo4204k9-df05c5e63d68bb8753f690d28060836c .av-subheading{\nfont-size:15px;\n}\n<\/style>\n<div  class='av-special-heading av-jo4204k9-df05c5e63d68bb8753f690d28060836c av-special-heading-h1 blockquote modern-quote modern-centered  avia-builder-el-1  avia-builder-el-no-sibling '><h1 class='av-special-heading-tag '  itemprop=\"headline\"  >Assistance technique<\/h1><div class=\"special-heading-border\"><div class=\"special-heading-inner-border\"><\/div><\/div><\/div>\n\n<\/div><\/div><\/main><!-- close content main element --><\/div><\/div><div id='av_section_2'  class='avia-section av-3227z1-3-291dfe027ebdd28b4043079d7ef0f12d alternate_color avia-section-default avia-no-border-styling  avia-builder-el-2  el_after_av_section  el_before_av_section  avia-bg-style-scroll container_wrap fullsize'  ><div class='container av-section-cont-open' ><div class='template-page content  av-content-full alpha units'><div class='post-entry post-entry-type-page post-entry-16593'><div class='entry-content-wrapper clearfix'>\n\n<style type=\"text\/css\" data-created_by=\"avia_inline_auto\" id=\"style-css-av-l2ak8a5q-27662825828e00f4129a1ebabccdf8d8\">\n#top .av-special-heading.av-l2ak8a5q-27662825828e00f4129a1ebabccdf8d8{\npadding-bottom:10px;\n}\nbody .av-special-heading.av-l2ak8a5q-27662825828e00f4129a1ebabccdf8d8 .av-special-heading-tag .heading-char{\nfont-size:25px;\n}\n.av-special-heading.av-l2ak8a5q-27662825828e00f4129a1ebabccdf8d8 .av-subheading{\nfont-size:15px;\n}\n<\/style>\n<div  class='av-special-heading av-l2ak8a5q-27662825828e00f4129a1ebabccdf8d8 av-special-heading-h2 blockquote modern-quote modern-centered  avia-builder-el-3  avia-builder-el-no-sibling '><h2 class='av-special-heading-tag '  itemprop=\"headline\"  >Nous contacter<\/h2><div class=\"special-heading-border\"><div class=\"special-heading-inner-border\"><\/div><\/div><\/div>\n<\/div><\/div><\/div><!-- close content main div --><\/div><\/div><div id='av_section_3'  class='avia-section av-ljobdz3b-41a02e0188d469d748fff96d6ee62b88 main_color avia-section-default avia-no-border-styling  avia-builder-el-4  el_after_av_section  avia-builder-el-last  avia-bg-style-parallax container_wrap fullsize'  ><div class='container av-section-cont-open' ><div class='template-page content  av-content-full alpha units'><div class='post-entry post-entry-type-page post-entry-16593'><div class='entry-content-wrapper clearfix'>\n\n<style type=\"text\/css\" data-created_by=\"avia_inline_auto\" id=\"style-css-av-lcp210oa-d727aa6f22eb521647e00a04bd0fce88\">\n#top .hr.hr-invisible.av-lcp210oa-d727aa6f22eb521647e00a04bd0fce88{\nheight:100px;\n}\n<\/style>\n<div  class='hr av-lcp210oa-d727aa6f22eb521647e00a04bd0fce88 hr-invisible  avia-builder-el-5  el_before_av_two_fifth  avia-builder-el-first '><span class='hr-inner '><span class=\"hr-inner-style\"><\/span><\/span><\/div>\n<div  class='flex_column av-3kxnuo-685967bf24edfe1b060fad362c0fbfd6 av_two_fifth  avia-builder-el-6  el_after_av_hr  el_before_av_one_fifth  first flex_column_div  '     ><article  class='iconbox iconbox_left av-lcp1zcrv-05ee260f68bbab5dbc23d16207c04672  avia-builder-el-7  avia-builder-el-no-sibling '  itemscope=\"itemscope\" itemtype=\"https:\/\/schema.org\/CreativeWork\" ><div class=\"iconbox_content\"><header class=\"entry-content-header\" aria-label=\"Ic\u00f4ne : Base de connaissances DJUCED\"><div class='iconbox_icon heading-color avia-iconfont avia-font-entypo-fontello' data-av_icon='\ue81f' data-av_iconfont='entypo-fontello'  ><\/div><h3 class='iconbox_content_title '  itemprop=\"headline\" >Base de connaissances DJUCED<\/h3><\/header><div class='iconbox_content_container '  itemprop=\"text\" ><p>Saviez-vous que nous avons une <a href=\"https:\/\/www.djuced.com\/kb\/\" target=\"_blank\" rel=\"noopener\">base de connaissances<\/a> bien document\u00e9e ? Vous pouvez trouver de nombreuses r\u00e9ponses et informations de d\u00e9pannage. <div class=\"betterdocs-live-search\">\n\t\n\t<form class=\"betterdocs-searchform betterdocs-advance-searchform\">\n\t\t<div class=\"betterdocs-searchform-input-wrap\">\n\t\t\t<svg class=\"docs-search-icon\" xmlns=\"http:\/\/www.w3.org\/2000\/svg\" xmlns:xlink=\"http:\/\/www.w3.org\/1999\/xlink\" width=\"38px\" viewBox=\"0 0 50 50\" version=\"1.1\">\n\t\t\t\t<g id=\"surface1\">\n\t\t\t\t\t<path d=\"M 21 3 C 11.601563 3 4 10.601563 4 20 C 4 29.398438 11.601563 37 21 37 C 24.355469 37 27.460938 36.015625 30.09375 34.34375 L 42.375 46.625 L 46.625 42.375 L 34.5 30.28125 C 36.679688 27.421875 38 23.878906 38 20 C 38 10.601563 30.398438 3 21 3 Z M 21 7 C 28.199219 7 34 12.800781 34 20 C 34 27.199219 28.199219 33 21 33 C 13.800781 33 8 27.199219 8 20 C 8 12.800781 13.800781 7 21 7 Z \"><\/path>\n\t\t\t\t<\/g>\n\t\t\t<\/svg>\n\t\t\t<input type=\"text\" class=\"betterdocs-search-field\" name=\"s\" aria-label=\"Search Input\" placeholder=\"Search\" autocomplete=\"off\" value=\"\">\n\t\t\t<svg class=\"docs-search-loader\" width=\"38\" height=\"38\" viewBox=\"0 0 38 38\" xmlns=\"http:\/\/www.w3.org\/2000\/svg\" stroke=\"#444b54\">\n\t\t\t\t<g fill=\"none\" fill-rule=\"evenodd\">\n\t\t\t\t\t<g transform=\"translate(1 1)\" stroke-width=\"2\">\n\t\t\t\t\t\t<circle stroke-opacity=\".5\" cx=\"18\" cy=\"18\" r=\"18\" \/>\n\t\t\t\t\t\t<path d=\"M36 18c0-9.94-8.06-18-18-18\">\n\t\t\t\t\t\t\t<animateTransform attributeName=\"transform\" type=\"rotate\" from=\"0 18 18\" to=\"360 18 18\" dur=\"1s\" repeatCount=\"indefinite\" \/>\n\t\t\t\t\t\t<\/path>\n\t\t\t\t\t<\/g>\n\t\t\t\t<\/g>\n\t\t\t<\/svg>\n\t\t\t<svg class=\"docs-search-close\" xmlns=\"http:\/\/www.w3.org\/2000\/svg\" width=\"38px\" viewBox=\"0 0 128 128\">\n\t\t\t\t<path fill=\"#fff\" d=\"M64 14A50 50 0 1 0 64 114A50 50 0 1 0 64 14Z\" transform=\"rotate(-45.001 64 64.001)\"><\/path>\n\t\t\t\t<path class=\"close-border\" d=\"M64,117c-14.2,0-27.5-5.5-37.5-15.5c-20.7-20.7-20.7-54.3,0-75C36.5,16.5,49.8,11,64,11c14.2,0,27.5,5.5,37.5,15.5c10,10,15.5,23.3,15.5,37.5s-5.5,27.5-15.5,37.5C91.5,111.5,78.2,117,64,117z M64,17c-12.6,0-24.4,4.9-33.2,13.8c-18.3,18.3-18.3,48.1,0,66.5C39.6,106.1,51.4,111,64,111c12.6,0,24.4-4.9,33.2-13.8S111,76.6,111,64s-4.9-24.4-13.8-33.2S76.6,17,64,17z\"><\/path>\n\t\t\t\t<path class=\"close-line\" d=\"M53.4,77.6c-0.8,0-1.5-0.3-2.1-0.9c-1.2-1.2-1.2-3.1,0-4.2l21.2-21.2c1.2-1.2,3.1-1.2,4.2,0c1.2,1.2,1.2,3.1,0,4.2L55.5,76.7C54.9,77.3,54.2,77.6,53.4,77.6z\"><\/path>\n\t\t\t\t<path class=\"close-line\" d=\"M74.6,77.6c-0.8,0-1.5-0.3-2.1-0.9L51.3,55.5c-1.2-1.2-1.2-3.1,0-4.2c1.2-1.2,3.1-1.2,4.2,0l21.2,21.2c1.2,1.2,1.2,3.1,0,4.2C76.1,77.3,75.4,77.6,74.6,77.6z\"><\/path>\n\t\t\t<\/svg>\n\t\t<\/div>\n\n\t\t\t\t<input type=\"hidden\" value=\"Search\" aria-label=\"Search Submit\" class=\"betterdocs-search-submit\" \/>\n\t<\/form>\n\n\t<\/div>\n<\/p>\n<\/div><\/div><footer class=\"entry-footer\"><\/footer><\/article><\/div><div  class='flex_column av-205c68-5d5417b5038035f52151431cfdb9fe50 av_one_fifth  avia-builder-el-8  el_after_av_two_fifth  el_before_av_two_fifth  flex_column_div  '     ><\/div><div  class='flex_column av-2fe19c-56ec2c039336325cb2a0dec2a980213f av_two_fifth  avia-builder-el-9  el_after_av_one_fifth  el_before_av_hr  flex_column_div  '     ><article  class='iconbox iconbox_left av-lcp1ut90-357cbf2f0fca3a24100ccbac58f22526  avia-builder-el-10  avia-builder-el-no-sibling '  itemscope=\"itemscope\" itemtype=\"https:\/\/schema.org\/CreativeWork\" ><div class=\"iconbox_content\"><header class=\"entry-content-header\" aria-label=\"Ic\u00f4ne : Assistance technique Hercules\"><div class='iconbox_icon heading-color avia-iconfont avia-font-entypo-fontello' data-av_icon='\ue80b' data-av_iconfont='entypo-fontello'  ><\/div><h3 class='iconbox_content_title '  itemprop=\"headline\" >Assistance technique Hercules<\/h3><\/header><div class='iconbox_content_container '  itemprop=\"text\" ><p>Notre support technique est effectu\u00e9 par l&rsquo;\u00e9quipe support Hercules. Veuillez vous connecter au <a href=\"https:\/\/support.hercules.com\/fr\/contact-fr\/\" target=\"_blank\" rel=\"noopener\">site Web d&rsquo;assistance Hercules<\/a> pour cr\u00e9er un ticket d&rsquo;assistance. <em>(vous pouvez utiliser votre compte DJUCED)<\/em><\/p>\n<\/div><\/div><footer class=\"entry-footer\"><\/footer><\/article><\/div>\n<style type=\"text\/css\" data-created_by=\"avia_inline_auto\" id=\"style-css-av-2tjalc-a00759f4f2ce4545ae91c310f2cd3af5\">\n#top .hr.hr-invisible.av-2tjalc-a00759f4f2ce4545ae91c310f2cd3af5{\nheight:100px;\n}\n<\/style>\n<div  class='hr av-2tjalc-a00759f4f2ce4545ae91c310f2cd3af5 hr-invisible  avia-builder-el-11  el_after_av_two_fifth  avia-builder-el-last '><span class='hr-inner '><span class=\"hr-inner-style\"><\/span><\/span><\/div>\n<\/p>\n","protected":false},"excerpt":{"rendered":"","protected":false},"author":6,"featured_media":0,"parent":0,"menu_order":0,"comment_status":"closed","ping_status":"closed","template":"","meta":{"footnotes":""},"class_list":["post-16593","page","type-page","status-publish","hentry"],"_links":{"self":[{"href":"https:\/\/www.djuced.com\/fr\/wp-json\/wp\/v2\/pages\/16593","targetHints":{"allow":["GET"]}}],"collection":[{"href":"https:\/\/www.djuced.com\/fr\/wp-json\/wp\/v2\/pages"}],"about":[{"href":"https:\/\/www.djuced.com\/fr\/wp-json\/wp\/v2\/types\/page"}],"author":[{"embeddable":true,"href":"https:\/\/www.djuced.com\/fr\/wp-json\/wp\/v2\/users\/6"}],"replies":[{"embeddable":true,"href":"https:\/\/www.djuced.com\/fr\/wp-json\/wp\/v2\/comments?post=16593"}],"version-history":[{"count":2,"href":"https:\/\/www.djuced.com\/fr\/wp-json\/wp\/v2\/pages\/16593\/revisions"}],"predecessor-version":[{"id":16595,"href":"https:\/\/www.djuced.com\/fr\/wp-json\/wp\/v2\/pages\/16593\/revisions\/16595"}],"wp:attachment":[{"href":"https:\/\/www.djuced.com\/fr\/wp-json\/wp\/v2\/media?parent=16593"}],"curies":[{"name":"wp","href":"https:\/\/api.w.org\/{rel}","templated":true}]}}