{"id":1741,"date":"2018-08-24T16:28:05","date_gmt":"2018-08-24T14:28:05","guid":{"rendered":"http:\/\/testwww.djuced.com\/?page_id=1741"},"modified":"2018-08-24T16:28:05","modified_gmt":"2018-08-24T14:28:05","slug":"djuced-djw","status":"publish","type":"page","link":"https:\/\/www.djuced.com\/fr\/djuced-djw\/","title":{"rendered":"DJUCED DJW"},"content":{"rendered":"\n<style type=\"text\/css\" data-created_by=\"avia_inline_auto\" id=\"style-css-av-jkjvwivc-66872ef3495b838dbb27e065dfe032e2\">\n.avia-section.av-jkjvwivc-66872ef3495b838dbb27e065dfe032e2{\nbackground-color:#020202;\nbackground:linear-gradient( to bottom, #020202, #141414 );\n}\n<\/style>\n<div id='av_section_1'  class='avia-section av-jkjvwivc-66872ef3495b838dbb27e065dfe032e2 main_color avia-section-default avia-no-border-styling  avia-builder-el-0  el_before_av_section  avia-builder-el-first  avia-bg-style-scroll container_wrap fullsize'  ><div class='container av-section-cont-open' ><main  role=\"main\" itemprop=\"mainContentOfPage\"  class='template-page content  av-content-full alpha units'><div class='post-entry post-entry-type-page post-entry-1741'><div class='entry-content-wrapper clearfix'>\n<div class='flex_column_table av-2qyg-219d8c3d14a6138b3329c1f37dddf32b sc-av_one_half av-equal-height-column-flextable'>\n<style type=\"text\/css\" data-created_by=\"avia_inline_auto\" id=\"style-css-av-2qyg-219d8c3d14a6138b3329c1f37dddf32b\">\n.flex_column.av-2qyg-219d8c3d14a6138b3329c1f37dddf32b{\nborder-radius:0px 0px 0px 0px;\npadding:0px 0px 0px 0px;\n}\n<\/style>\n<div  class='flex_column av-2qyg-219d8c3d14a6138b3329c1f37dddf32b av_one_half  avia-builder-el-1  el_before_av_one_half  avia-builder-el-first  first flex_column_table_cell av-equal-height-column av-align-middle av-animated-generic pop-up av-zero-column-padding  '     ><\/div><div class='av-flex-placeholder'><\/div>\n<style type=\"text\/css\" data-created_by=\"avia_inline_auto\" id=\"style-css-av-2qyg-ffc20c8763ea6728e776dccaa49dc881\">\n.flex_column.av-2qyg-ffc20c8763ea6728e776dccaa49dc881{\nborder-radius:0px 0px 0px 0px;\npadding:0px 0px 0px 0px;\n}\n<\/style>\n<div  class='flex_column av-2qyg-ffc20c8763ea6728e776dccaa49dc881 av_one_half  avia-builder-el-2  el_after_av_one_half  avia-builder-el-last  flex_column_table_cell av-equal-height-column av-align-middle av-zero-column-padding  '     ><p>\n<style type=\"text\/css\" data-created_by=\"avia_inline_auto\" id=\"style-css-av-jkl1swf3-e50363484b5071296b7a048d4dbb35b8\">\n.avia-image-container.av-jkl1swf3-e50363484b5071296b7a048d4dbb35b8 img.avia_image{\nbox-shadow:none;\n}\n.avia-image-container.av-jkl1swf3-e50363484b5071296b7a048d4dbb35b8 .av-image-caption-overlay-center{\ncolor:#ffffff;\n}\n<\/style>\n<div  class='avia-image-container av-jkl1swf3-e50363484b5071296b7a048d4dbb35b8 av-styling- avia-align-left  avia-builder-el-3  el_before_av_heading  avia-builder-el-first '   itemprop=\"image\" itemscope=\"itemscope\" itemtype=\"https:\/\/schema.org\/ImageObject\" ><div class=\"avia-image-container-inner\"><div class=\"avia-image-overlay-wrap\"><img decoding=\"async\" fetchpriority=\"high\" class='wp-image- avia-img-lazy-loading-not- avia_image ' src=\"https:\/\/www.djuced.com\/wp-content\/uploads\/2018\/08\/logo-djw.png\" alt='' title=''   itemprop=\"thumbnailUrl\"  \/><\/div><\/div><\/div><br \/>\n\n<style type=\"text\/css\" data-created_by=\"avia_inline_auto\" id=\"style-css-av-jkntvz4t-78f703f27751654195e83a357c53fa3b\">\n#top .av-special-heading.av-jkntvz4t-78f703f27751654195e83a357c53fa3b{\npadding-bottom:10px;\n}\nbody .av-special-heading.av-jkntvz4t-78f703f27751654195e83a357c53fa3b .av-special-heading-tag .heading-char{\nfont-size:25px;\n}\n.av-special-heading.av-jkntvz4t-78f703f27751654195e83a357c53fa3b .av-subheading{\nfont-size:15px;\n}\n<\/style>\n<div  class='av-special-heading av-jkntvz4t-78f703f27751654195e83a357c53fa3b av-special-heading-h3  avia-builder-el-4  el_after_av_image  el_before_av_textblock  textshadow'><h3 class='av-special-heading-tag '  itemprop=\"headline\"  >Associ\u00e9 au contr\u00f4leur Hercules DJControlWave, l\u2019application id\u00e9ale pour vivre une exp\u00e9rience unique du DJing sur iPad<\/h3><div class=\"special-heading-border\"><div class=\"special-heading-inner-border\"><\/div><\/div><\/div><br \/>\n<section  class='av_textblock_section av-jkkyqp1q-71a25ecb9b48bfbbeb4b17f827c4bf99 '   itemscope=\"itemscope\" itemtype=\"https:\/\/schema.org\/CreativeWork\" ><div class='avia_textblock textshadow'  itemprop=\"text\" ><p>En parfaite harmonie avec Hercules DJControlWave, le contr\u00f4leur DJ sans fil unique pour iPad, DJUCED\u2122 DJW vous permet de d\u00e9couvrir des fonctionnalit\u00e9s indispensables pour le DJing.<br \/>\nInitialement d\u00e9di\u00e9e au contr\u00f4leur Hercules DJControlWave, l&rsquo;application DJUCED\u2122 DJW existe \u00e9galement en version autonome, gr\u00e2ce \u00e0 la fonction d&rsquo;achat dans l&rsquo;application ; celle-ci vous permettra d&rsquo;acc\u00e9der \u00e0 tous vos morceaux et playlists dans iTunes et de les mixer sans limite.<\/p>\n<\/div><\/section><br \/>\n\n<style type=\"text\/css\" data-created_by=\"avia_inline_auto\" id=\"style-css-av-jkl317iu-bd12926ba80ec1602b6371e66cc91a2a\">\n#top .hr.hr-invisible.av-jkl317iu-bd12926ba80ec1602b6371e66cc91a2a{\nheight:50px;\n}\n<\/style>\n<div  class='hr av-jkl317iu-bd12926ba80ec1602b6371e66cc91a2a hr-invisible  avia-builder-el-6  el_after_av_textblock  el_before_av_button '><span class='hr-inner '><span class=\"hr-inner-style\"><\/span><\/span><\/div><br \/>\n<div  class='avia-button-wrap av-jkkzk4hj-45457c28279cc9be7dc06dd1895faf96-wrap avia-button-center  avia-builder-el-7  el_after_av_hr  avia-builder-el-last '><a href='https:\/\/itunes.apple.com\/app\/djuced-djw\/id786357613?mt=8'  class='avia-button av-jkkzk4hj-45457c28279cc9be7dc06dd1895faf96 av-link-btn avia-icon_select-no avia-size-x-large avia-position-center av-icon-on-hover avia-color-light'  target=\"_blank\"  rel=\"noopener noreferrer\"  aria-label=\"T\u00e9l\u00e9charger\"><span class='avia_iconbox_title' >T\u00e9l\u00e9charger<\/span><\/a><\/div><\/p><\/div><\/div><!--close column table wrapper. Autoclose: 1 -->\n\n<\/div><\/div><\/main><!-- close content main element --><\/div><\/div><div id='av_section_2'  class='avia-section av-jkjvwivc-b716f6fc50b0cacad63da9e42077ce1d main_color avia-section-default avia-no-border-styling  avia-builder-el-8  el_after_av_section  avia-builder-el-last  avia-bg-style-scroll container_wrap fullsize'  ><div class='container av-section-cont-open' ><div class='template-page content  av-content-full alpha units'><div class='post-entry post-entry-type-page post-entry-1741'><div class='entry-content-wrapper clearfix'>\n\n<style type=\"text\/css\" data-created_by=\"avia_inline_auto\" id=\"style-css-av-8tf6-329aa5a06fa4e5196f4869b7bb3a3bf3\">\n.flex_column.av-8tf6-329aa5a06fa4e5196f4869b7bb3a3bf3{\nborder-radius:0px 0px 0px 0px;\npadding:0px 0px 0px 0px;\n}\n<\/style>\n<div  class='flex_column av-8tf6-329aa5a06fa4e5196f4869b7bb3a3bf3 av_one_third  avia-builder-el-9  el_before_av_two_third  avia-builder-el-first  first flex_column_div av-animated-generic pop-up av-zero-column-padding  '     ><style type=\"text\/css\" data-created_by=\"avia_inline_auto\" id=\"style-css-av-4gskor-11378c931de9e5003060c76e151f048c\">\n#top .av-special-heading.av-4gskor-11378c931de9e5003060c76e151f048c{\npadding-bottom:10px;\n}\nbody .av-special-heading.av-4gskor-11378c931de9e5003060c76e151f048c .av-special-heading-tag .heading-char{\nfont-size:25px;\n}\n.av-special-heading.av-4gskor-11378c931de9e5003060c76e151f048c .av-subheading{\nfont-size:15px;\n}\n<\/style>\n<div  class='av-special-heading av-4gskor-11378c931de9e5003060c76e151f048c av-special-heading-h2 blockquote modern-quote modern-centered  avia-builder-el-10  avia-builder-el-no-sibling '><h2 class='av-special-heading-tag '  itemprop=\"headline\"  >COMPATIBILIT\u00c9<\/h2><div class=\"special-heading-border\"><div class=\"special-heading-inner-border\"><\/div><\/div><\/div><\/div>\n<style type=\"text\/css\" data-created_by=\"avia_inline_auto\" id=\"style-css-av-8tf6-43cba538fb0f00c8c5a991973abefaec\">\n.flex_column.av-8tf6-43cba538fb0f00c8c5a991973abefaec{\nborder-radius:0px 0px 0px 0px;\npadding:0px 0px 0px 0px;\n}\n<\/style>\n<div  class='flex_column av-8tf6-43cba538fb0f00c8c5a991973abefaec av_two_third  avia-builder-el-11  el_after_av_one_third  el_before_av_hr  flex_column_div av-animated-generic pop-up av-zero-column-padding  '     ><style type=\"text\/css\" data-created_by=\"avia_inline_auto\" id=\"style-css-av-23a32j-21414ee29c30af3c5c41d97533003f73\">\n#top .av-special-heading.av-23a32j-21414ee29c30af3c5c41d97533003f73{\npadding-bottom:10px;\n}\nbody .av-special-heading.av-23a32j-21414ee29c30af3c5c41d97533003f73 .av-special-heading-tag .heading-char{\nfont-size:25px;\n}\n.av-special-heading.av-23a32j-21414ee29c30af3c5c41d97533003f73 .av-subheading{\nfont-size:15px;\n}\n<\/style>\n<div  class='av-special-heading av-23a32j-21414ee29c30af3c5c41d97533003f73 av-special-heading-h2 blockquote modern-quote modern-centered  avia-builder-el-12  avia-builder-el-no-sibling '><h2 class='av-special-heading-tag '  itemprop=\"headline\"  >CARACT\u00c9RISTIQUES TECHNIQUES<\/h2><div class=\"special-heading-border\"><div class=\"special-heading-inner-border\"><\/div><\/div><\/div><\/div>\n<style type=\"text\/css\" data-created_by=\"avia_inline_auto\" id=\"style-css-av-36o0-f1086b79a3ed3788432e3da35e23ad08\">\n#top .hr.hr-invisible.av-36o0-f1086b79a3ed3788432e3da35e23ad08{\nheight:50px;\n}\n<\/style>\n<div  class='hr av-36o0-f1086b79a3ed3788432e3da35e23ad08 hr-invisible  avia-builder-el-13  el_after_av_two_third  el_before_av_one_third '><span class='hr-inner '><span class=\"hr-inner-style\"><\/span><\/span><\/div>\n<div class='flex_column_table av-13le4-a0f8cf9f931c226fcf7ff62574491196 sc-av_one_third av-equal-height-column-flextable'>\n<style type=\"text\/css\" data-created_by=\"avia_inline_auto\" id=\"style-css-av-13le4-a0f8cf9f931c226fcf7ff62574491196\">\n.flex_column.av-13le4-a0f8cf9f931c226fcf7ff62574491196{\nborder-radius:10px 10px 10px 10px;\npadding:25px 25px 10px 25px;\nbackground-color:#141414;\n}\n<\/style>\n<div  class='flex_column av-13le4-a0f8cf9f931c226fcf7ff62574491196 av_one_third  avia-builder-el-14  el_after_av_hr  el_before_av_one_third  first flex_column_table_cell av-equal-height-column av-align-top av-animated-generic bottom-to-top  '     ><p>\n<style type=\"text\/css\" data-created_by=\"avia_inline_auto\" id=\"style-css-av-jkky6hpw-1b7bac7ba43019000374ff8647073abd\">\n.av_font_icon.av-jkky6hpw-1b7bac7ba43019000374ff8647073abd .av-icon-char{\nfont-size:40px;\nline-height:40px;\n}\n<\/style>\n<span  class='av_font_icon av-jkky6hpw-1b7bac7ba43019000374ff8647073abd avia_animate_when_visible av-icon-style- avia-icon-pos-center avia-iconfont avia-font-entypo-fontello av-no-color avia-icon-animate'><span class='av-icon-char' data-av_icon='\ue920' data-av_iconfont='entypo-fontello' aria-hidden=\"true\" ><\/span><\/span><br \/>\n\n<style type=\"text\/css\" data-created_by=\"avia_inline_auto\" id=\"style-css-av-jknu0wm6-b563c19d72c89d28a8fdad70583e2eda\">\n#top .av-special-heading.av-jknu0wm6-b563c19d72c89d28a8fdad70583e2eda{\npadding-bottom:10px;\n}\nbody .av-special-heading.av-jknu0wm6-b563c19d72c89d28a8fdad70583e2eda .av-special-heading-tag .heading-char{\nfont-size:25px;\n}\n.av-special-heading.av-jknu0wm6-b563c19d72c89d28a8fdad70583e2eda .av-subheading{\nfont-size:15px;\n}\n<\/style>\n<div  class='av-special-heading av-jknu0wm6-b563c19d72c89d28a8fdad70583e2eda av-special-heading-h4 blockquote modern-quote modern-centered  avia-builder-el-16  el_after_av_font_icon  el_before_av_textblock '><h4 class='av-special-heading-tag '  itemprop=\"headline\"  >iOS<\/h4><div class=\"special-heading-border\"><div class=\"special-heading-inner-border\"><\/div><\/div><\/div><br \/>\n<section  class='av_textblock_section av-xoec-c0cb8798af3ae1fb17b1ffcd220a0e66 '   itemscope=\"itemscope\" itemtype=\"https:\/\/schema.org\/CreativeWork\" ><div class='avia_textblock'  itemprop=\"text\" ><p><strong>Tablette iOS:<\/strong><br \/>\niPad mini, iPad 3 et mod\u00e8les plus r\u00e9cents<br \/>\niOS 7 et plus<\/p>\n<\/div><\/section><\/p><\/div><div class='av-flex-placeholder'><\/div>\n<style type=\"text\/css\" data-created_by=\"avia_inline_auto\" id=\"style-css-av-13le4-0aeb32fadaec844989e14bd962f57bb9\">\n.flex_column.av-13le4-0aeb32fadaec844989e14bd962f57bb9{\nborder-radius:10px 10px 10px 10px;\npadding:25px 25px 10px 25px;\nbackground-color:#141414;\n}\n<\/style>\n<div  class='flex_column av-13le4-0aeb32fadaec844989e14bd962f57bb9 av_one_third  avia-builder-el-18  el_after_av_one_third  el_before_av_one_third  flex_column_table_cell av-equal-height-column av-align-top av-animated-generic bottom-to-top  '     ><section  class='av_textblock_section av-xoec-c0cb8798af3ae1fb17b1ffcd220a0e66 '   itemscope=\"itemscope\" itemtype=\"https:\/\/schema.org\/CreativeWork\" ><div class='avia_textblock'  itemprop=\"text\" ><p><strong>Application DJ \u00e0 deux platines<\/strong><\/p>\n<p><strong>Plus de 90 fonctions :<\/strong><\/p>\n<ul>\n<li>Affichage des platines<\/li>\n<li>Analyse avanc\u00e9e des BPM<\/li>\n<li>\u00c9galiseur \u00e0 3 bandes<\/li>\n<li>Gestion des boucles<\/li>\n<li>3 points Hot Cue<\/li>\n<li>Lecture\/Pause\/Cue sur chaque platine<\/li>\n<li>Synchronisation<\/li>\n<li>Cross fader<\/li>\n<\/ul>\n<\/div><\/section><\/div><div class='av-flex-placeholder'><\/div>\n<style type=\"text\/css\" data-created_by=\"avia_inline_auto\" id=\"style-css-av-13le4-0aeb32fadaec844989e14bd962f57bb9\">\n.flex_column.av-13le4-0aeb32fadaec844989e14bd962f57bb9{\nborder-radius:10px 10px 10px 10px;\npadding:25px 25px 10px 25px;\nbackground-color:#141414;\n}\n<\/style>\n<div  class='flex_column av-13le4-0aeb32fadaec844989e14bd962f57bb9 av_one_third  avia-builder-el-20  el_after_av_one_third  avia-builder-el-last  flex_column_table_cell av-equal-height-column av-align-top av-animated-generic bottom-to-top  '     ><section  class='av_textblock_section av-xoec-c0cb8798af3ae1fb17b1ffcd220a0e66 '   itemscope=\"itemscope\" itemtype=\"https:\/\/schema.org\/CreativeWork\" ><div class='avia_textblock'  itemprop=\"text\" ><ul>\n<li>Pitch fader (1 par platine)<\/li>\n<li>Effets (Filter, Echo, Flanger, Reverb, Chorus)<\/li>\n<li>Boucles<\/li>\n<li>Sampleur<\/li>\n<li>Enregistrement du mix<\/li>\n<li>Enregistrement des samples<\/li>\n<li>Scratch<\/li>\n<li>Automix<\/li>\n<li>Gestion des lumi\u00e8res de l&rsquo;enceinte WAE NEO<\/li>\n<\/ul>\n<\/div><\/section><\/div><\/div><!--close column table wrapper. Autoclose: 1 -->\n\n","protected":false},"excerpt":{"rendered":"","protected":false},"author":1,"featured_media":0,"parent":0,"menu_order":0,"comment_status":"closed","ping_status":"closed","template":"","meta":{"footnotes":""},"class_list":["post-1741","page","type-page","status-publish","hentry"],"_links":{"self":[{"href":"https:\/\/www.djuced.com\/fr\/wp-json\/wp\/v2\/pages\/1741","targetHints":{"allow":["GET"]}}],"collection":[{"href":"https:\/\/www.djuced.com\/fr\/wp-json\/wp\/v2\/pages"}],"about":[{"href":"https:\/\/www.djuced.com\/fr\/wp-json\/wp\/v2\/types\/page"}],"author":[{"embeddable":true,"href":"https:\/\/www.djuced.com\/fr\/wp-json\/wp\/v2\/users\/1"}],"replies":[{"embeddable":true,"href":"https:\/\/www.djuced.com\/fr\/wp-json\/wp\/v2\/comments?post=1741"}],"version-history":[{"count":3,"href":"https:\/\/www.djuced.com\/fr\/wp-json\/wp\/v2\/pages\/1741\/revisions"}],"predecessor-version":[{"id":1893,"href":"https:\/\/www.djuced.com\/fr\/wp-json\/wp\/v2\/pages\/1741\/revisions\/1893"}],"wp:attachment":[{"href":"https:\/\/www.djuced.com\/fr\/wp-json\/wp\/v2\/media?parent=1741"}],"curies":[{"name":"wp","href":"https:\/\/api.w.org\/{rel}","templated":true}]}}