{"id":1787,"date":"2018-08-21T15:44:40","date_gmt":"2018-08-21T13:44:40","guid":{"rendered":"http:\/\/testwww.djuced.com\/societe\/"},"modified":"2018-10-18T10:00:56","modified_gmt":"2018-10-18T08:00:56","slug":"societe","status":"publish","type":"page","link":"https:\/\/www.djuced.com\/fr\/societe\/","title":{"rendered":"Soci\u00e9t\u00e9"},"content":{"rendered":"<div id='av_section_1'  class='avia-section av-2yz79t-071bbb49ff837553b909113689cef96a main_color avia-section-default avia-no-border-styling  avia-builder-el-0  el_before_av_section  avia-builder-el-first  avia-bg-style-scroll container_wrap fullsize'  ><div class='container av-section-cont-open' ><main  role=\"main\" itemprop=\"mainContentOfPage\"  class='template-page content  av-content-full alpha units'><div class='post-entry post-entry-type-page post-entry-1787'><div class='entry-content-wrapper clearfix'>\n\n<style type=\"text\/css\" data-created_by=\"avia_inline_auto\" id=\"style-css-av-jknry329-bfadc0b400e0980ac40d6cd69fecc04c\">\n.avia-image-container.av-jknry329-bfadc0b400e0980ac40d6cd69fecc04c img.avia_image{\nbox-shadow:none;\n}\n.avia-image-container.av-jknry329-bfadc0b400e0980ac40d6cd69fecc04c .av-image-caption-overlay-center{\ncolor:#ffffff;\n}\n<\/style>\n<div  class='avia-image-container av-jknry329-bfadc0b400e0980ac40d6cd69fecc04c av-styling- avia-align-center  avia-builder-el-1  avia-builder-el-no-sibling '   itemprop=\"image\" itemscope=\"itemscope\" itemtype=\"https:\/\/schema.org\/ImageObject\" ><div class=\"avia-image-container-inner\"><div class=\"avia-image-overlay-wrap\"><img decoding=\"async\" fetchpriority=\"high\" class='wp-image-2974 avia-img-lazy-loading-not-2974 avia_image ' src=\"https:\/\/www.djuced.com\/wp-content\/uploads\/2018\/10\/LogoDJUCED_White_300.png\" alt='' title='LogoDJUCED_White_300'  height=\"169\" width=\"300\"  itemprop=\"thumbnailUrl\"  \/><\/div><\/div><\/div>\n<\/div><\/div><\/main><!-- close content main element --><\/div><\/div><div id='av_section_2'  class='avia-section av-jkns01fu-8f16f72c417e4557cdaca5e313a20087 main_color avia-section-default avia-no-border-styling  avia-builder-el-2  el_after_av_section  el_before_av_section  avia-bg-style-fixed container_wrap fullsize'  ><div class='container av-section-cont-open' ><div class='template-page content  av-content-full alpha units'><div class='post-entry post-entry-type-page post-entry-1787'><div class='entry-content-wrapper clearfix'>\n\n<style type=\"text\/css\" data-created_by=\"avia_inline_auto\" id=\"style-css-av-jkns1syi-27a8e1493bc7b78dbb69167ef4368484\">\n.flex_column.av-jkns1syi-27a8e1493bc7b78dbb69167ef4368484{\nborder-radius:0px 0px 0px 0px;\npadding:0px 100px 0px 100px;\n}\n<\/style>\n<div  class='flex_column av-jkns1syi-27a8e1493bc7b78dbb69167ef4368484 av_one_full  avia-builder-el-3  avia-builder-el-no-sibling  first flex_column_div  '     ><p>\n<style type=\"text\/css\" data-created_by=\"avia_inline_auto\" id=\"style-css-av-66wxwh-d9e45b4cdcd73c17c8fb66c75038d2ea\">\n#top .av-special-heading.av-66wxwh-d9e45b4cdcd73c17c8fb66c75038d2ea{\npadding-bottom:10px;\n}\nbody .av-special-heading.av-66wxwh-d9e45b4cdcd73c17c8fb66c75038d2ea .av-special-heading-tag .heading-char{\nfont-size:25px;\n}\n.av-special-heading.av-66wxwh-d9e45b4cdcd73c17c8fb66c75038d2ea .av-subheading{\nfont-size:15px;\n}\n<\/style>\n<div  class='av-special-heading av-66wxwh-d9e45b4cdcd73c17c8fb66c75038d2ea av-special-heading-h2 blockquote modern-quote modern-centered  avia-builder-el-4  el_before_av_heading  avia-builder-el-first '><h2 class='av-special-heading-tag '  itemprop=\"headline\"  >Qui sommes-nous<\/h2><div class=\"special-heading-border\"><div class=\"special-heading-inner-border\"><\/div><\/div><\/div><br \/>\n\n<style type=\"text\/css\" data-created_by=\"avia_inline_auto\" id=\"style-css-av-jneaacku-ab43376e4319cf64141fadcf3f62a38d\">\n#top .av-special-heading.av-jneaacku-ab43376e4319cf64141fadcf3f62a38d{\npadding-bottom:10px;\n}\nbody .av-special-heading.av-jneaacku-ab43376e4319cf64141fadcf3f62a38d .av-special-heading-tag .heading-char{\nfont-size:25px;\n}\n.av-special-heading.av-jneaacku-ab43376e4319cf64141fadcf3f62a38d .av-subheading{\nfont-size:15px;\n}\n<\/style>\n<div  class='av-special-heading av-jneaacku-ab43376e4319cf64141fadcf3f62a38d av-special-heading-h4 blockquote modern-quote modern-centered  avia-builder-el-5  el_after_av_heading  el_before_av_textblock '><h4 class='av-special-heading-tag '  itemprop=\"headline\"  >L\u2019\u00e9quipe de DJUCED&reg; partage une passion commune : la MUSIQUE<\/h4><div class=\"special-heading-border\"><div class=\"special-heading-inner-border\"><\/div><\/div><\/div><br \/>\n<section  class='av_textblock_section av-jkns3cmo-08fc451ed0400cc4e4f9da61496cd6c6 '   itemscope=\"itemscope\" itemtype=\"https:\/\/schema.org\/CreativeWork\" ><div class='avia_textblock'  itemprop=\"text\" ><p>Whether your goal is to host the best parties ever, or simply to enhance your creativity, DJUCED\u00ae helps you bring your music to life.<\/p>\n<p>Published by Guillemot Corporation, DJUCED\u00ae is created by an independent team of experts, who design unique DJ solutions reflecting our own view of the music world.<\/p>\n<p>Thanks to our collaboration with Hercules, we have been able to learn from the brand&rsquo;s 20 years of know-how in digital audio and DJing, providing us with invaluable insights into DJ hardware, software and mixing. As a result, we are able to offer innovative solutions ensuring optimal harmony between all key components.<\/p>\n<\/div><\/section><\/p><\/div>\n<\/p>\n<\/div><\/div><\/div><!-- close content main div --><\/div><\/div>\n<style type=\"text\/css\" data-created_by=\"avia_inline_auto\" id=\"style-css-av-jkns01fu-6011c992b19820b6f855c8a368e8be8e\">\n.avia-section.av-jkns01fu-6011c992b19820b6f855c8a368e8be8e{\nbackground-color:#4ecac2;\nbackground-image:unset;\n}\n<\/style>\n<div id='av_section_3'  class='avia-section av-jkns01fu-6011c992b19820b6f855c8a368e8be8e main_color avia-section-default avia-no-border-styling  avia-builder-el-7  el_after_av_section  el_before_av_section  avia-bg-style-parallax container_wrap fullsize'  ><div class='container av-section-cont-open' ><div class='template-page content  av-content-full alpha units'><div class='post-entry post-entry-type-page post-entry-1787'><div class='entry-content-wrapper clearfix'>\n\n<style type=\"text\/css\" data-created_by=\"avia_inline_auto\" id=\"style-css-av-jkns1syi-f062bda5370e629d67afdc4f2f6b5d03\">\n.flex_column.av-jkns1syi-f062bda5370e629d67afdc4f2f6b5d03{\nborder-radius:0px 0px 0px 0px;\npadding:0px 100px 0px 100px;\n}\n<\/style>\n<div  class='flex_column av-jkns1syi-f062bda5370e629d67afdc4f2f6b5d03 av_one_full  avia-builder-el-8  avia-builder-el-no-sibling  first flex_column_div  '     ><p>\n<style type=\"text\/css\" data-created_by=\"avia_inline_auto\" id=\"style-css-av-4qpnkx-d651eaafb445f7dbb6aa39c1ce03f02f\">\n#top .av-special-heading.av-4qpnkx-d651eaafb445f7dbb6aa39c1ce03f02f{\npadding-bottom:10px;\n}\nbody .av-special-heading.av-4qpnkx-d651eaafb445f7dbb6aa39c1ce03f02f .av-special-heading-tag .heading-char{\nfont-size:25px;\n}\n.av-special-heading.av-4qpnkx-d651eaafb445f7dbb6aa39c1ce03f02f .av-subheading{\nfont-size:15px;\n}\n<\/style>\n<div  class='av-special-heading av-4qpnkx-d651eaafb445f7dbb6aa39c1ce03f02f av-special-heading-h2 blockquote modern-quote modern-centered  avia-builder-el-9  el_before_av_image  avia-builder-el-first '><h2 class='av-special-heading-tag '  itemprop=\"headline\"  >Ce que nous faisons<\/h2><div class=\"special-heading-border\"><div class=\"special-heading-inner-border\"><\/div><\/div><\/div><br \/>\n\n<style type=\"text\/css\" data-created_by=\"avia_inline_auto\" id=\"style-css-av-jknscash-7ad528b4a9184f442ae099e3aaecbcb7\">\n.avia-image-container.av-jknscash-7ad528b4a9184f442ae099e3aaecbcb7 img.avia_image{\nbox-shadow:none;\n}\n.avia-image-container.av-jknscash-7ad528b4a9184f442ae099e3aaecbcb7 .av-image-caption-overlay-center{\ncolor:#ffffff;\n}\n<\/style>\n<div  class='avia-image-container av-jknscash-7ad528b4a9184f442ae099e3aaecbcb7 av-styling- avia_animated_image av-animated-when-visible-95 pop-up avia-align-center  avia-builder-el-10  el_after_av_heading  el_before_av_hr '   itemprop=\"image\" itemscope=\"itemscope\" itemtype=\"https:\/\/schema.org\/ImageObject\" ><div class=\"avia-image-container-inner\"><div class=\"avia-image-overlay-wrap\"><img decoding=\"async\" fetchpriority=\"high\" class='wp-image- avia-img-lazy-loading-not- avia_image ' src=\"https:\/\/www.djuced.com\/wp-content\/uploads\/2018\/08\/what-we-do-300x210.png\" alt='' title=''   itemprop=\"thumbnailUrl\"  \/><\/div><\/div><\/div><br \/>\n\n<style type=\"text\/css\" data-created_by=\"avia_inline_auto\" id=\"style-css-av-jknsg3yo-8d2d6c345c06fb7fee4130335e14d0a6\">\n#top .hr.hr-invisible.av-jknsg3yo-8d2d6c345c06fb7fee4130335e14d0a6{\nheight:25px;\n}\n<\/style>\n<div  class='hr av-jknsg3yo-8d2d6c345c06fb7fee4130335e14d0a6 hr-invisible  avia-builder-el-11  el_after_av_image  el_before_av_heading '><span class='hr-inner '><span class=\"hr-inner-style\"><\/span><\/span><\/div><br \/>\n\n<style type=\"text\/css\" data-created_by=\"avia_inline_auto\" id=\"style-css-av-jnea8c4q-3418b471ec49d0a3564e9576afda6867\">\n#top .av-special-heading.av-jnea8c4q-3418b471ec49d0a3564e9576afda6867{\npadding-bottom:10px;\n}\nbody .av-special-heading.av-jnea8c4q-3418b471ec49d0a3564e9576afda6867 .av-special-heading-tag .heading-char{\nfont-size:25px;\n}\n.av-special-heading.av-jnea8c4q-3418b471ec49d0a3564e9576afda6867 .av-subheading{\nfont-size:15px;\n}\n<\/style>\n<div  class='av-special-heading av-jnea8c4q-3418b471ec49d0a3564e9576afda6867 av-special-heading-h4 blockquote modern-quote modern-centered  avia-builder-el-12  el_after_av_hr  el_before_av_textblock '><h4 class='av-special-heading-tag '  itemprop=\"headline\"  >Les solutions DJ de DJUCED&reg; constituent une famille compl\u00e8te de logiciels de mix pour toutes les principales plates-formes.<\/h4><div class=\"special-heading-border\"><div class=\"special-heading-inner-border\"><\/div><\/div><\/div><br \/>\n<section  class='av_textblock_section av-jkns3cmo-08fc451ed0400cc4e4f9da61496cd6c6 '   itemscope=\"itemscope\" itemtype=\"https:\/\/schema.org\/CreativeWork\" ><div class='avia_textblock'  itemprop=\"text\" ><p>Whether you&rsquo;re just getting started with DJing, or want to take your skills to the next level; and whether your goal is to practice, entertain friends, or interact with your audience, there&rsquo;s a version of DJUCED\u00ae that&rsquo;s perfect for you.<\/p>\n<p>DJUCED\u00ae offers a wide range of DJ solutions, for all your connected devices \u2013 PC\/Mac, tablets and smartphones \u2013 from classic computer-based DJing to DJ parties 3.0!<\/p>\n<p>We strongly believe in a 360\u00b0 approach, accompanying our users through all steps of their learning curve: from practicing, to creating great music and hosting unforgettable parties.<\/p>\n<p>Our goal is to offer intuitive, user-friendly and fun digital solutions with innovative features which provide users with an enhanced DJing experience: get further into the mix, and push DJing forward!<\/p>\n<\/div><\/section><\/p><\/div>\n\n<\/div><\/div><\/div><!-- close content main div --><\/div><\/div>\n<style type=\"text\/css\" data-created_by=\"avia_inline_auto\" id=\"style-css-av-jkns01fu-3cfa16e90e751717060bc1a6a3ef515f\">\n.avia-section.av-jkns01fu-3cfa16e90e751717060bc1a6a3ef515f .av-section-color-overlay{\nopacity:0.7;\nbackground-color:#020202;\n}\n<\/style>\n<div id='av_section_4'  class='avia-section av-jkns01fu-3cfa16e90e751717060bc1a6a3ef515f main_color avia-section-default avia-no-border-styling  avia-builder-el-14  el_after_av_section  avia-builder-el-last  avia-bg-style-fixed av-section-color-overlay-active container_wrap fullsize'  ><div class=\"av-section-color-overlay-wrap\"><div class=\"av-section-color-overlay\"><\/div><div class='container av-section-cont-open' ><div class='template-page content  av-content-full alpha units'><div class='post-entry post-entry-type-page post-entry-1787'><div class='entry-content-wrapper clearfix'>\n\n<style type=\"text\/css\" data-created_by=\"avia_inline_auto\" id=\"style-css-av-jkns1syi-27a8e1493bc7b78dbb69167ef4368484\">\n.flex_column.av-jkns1syi-27a8e1493bc7b78dbb69167ef4368484{\nborder-radius:0px 0px 0px 0px;\npadding:0px 100px 0px 100px;\n}\n<\/style>\n<div  class='flex_column av-jkns1syi-27a8e1493bc7b78dbb69167ef4368484 av_one_full  avia-builder-el-15  avia-builder-el-no-sibling  first flex_column_div  '     ><p>\n<style type=\"text\/css\" data-created_by=\"avia_inline_auto\" id=\"style-css-av-28f9ox-bb370552a9444ab57e65a2d081c60399\">\n#top .av-special-heading.av-28f9ox-bb370552a9444ab57e65a2d081c60399{\npadding-bottom:10px;\n}\nbody .av-special-heading.av-28f9ox-bb370552a9444ab57e65a2d081c60399 .av-special-heading-tag .heading-char{\nfont-size:25px;\n}\n.av-special-heading.av-28f9ox-bb370552a9444ab57e65a2d081c60399 .av-subheading{\nfont-size:15px;\n}\n<\/style>\n<div  class='av-special-heading av-28f9ox-bb370552a9444ab57e65a2d081c60399 av-special-heading-h2 blockquote modern-quote modern-centered  avia-builder-el-16  el_before_av_heading  avia-builder-el-first '><h2 class='av-special-heading-tag '  itemprop=\"headline\"  >Notre philosophie<\/h2><div class=\"special-heading-border\"><div class=\"special-heading-inner-border\"><\/div><\/div><\/div><br \/>\n\n<style type=\"text\/css\" data-created_by=\"avia_inline_auto\" id=\"style-css-av-jnea8s35-0ea5b6c07a96956a4055ea2a4f85b4e0\">\n#top .av-special-heading.av-jnea8s35-0ea5b6c07a96956a4055ea2a4f85b4e0{\npadding-bottom:10px;\n}\nbody .av-special-heading.av-jnea8s35-0ea5b6c07a96956a4055ea2a4f85b4e0 .av-special-heading-tag .heading-char{\nfont-size:25px;\n}\n.av-special-heading.av-jnea8s35-0ea5b6c07a96956a4055ea2a4f85b4e0 .av-subheading{\nfont-size:15px;\n}\n<\/style>\n<div  class='av-special-heading av-jnea8s35-0ea5b6c07a96956a4055ea2a4f85b4e0 av-special-heading-h4 blockquote modern-quote modern-centered  avia-builder-el-17  el_after_av_heading  el_before_av_textblock '><h4 class='av-special-heading-tag '  itemprop=\"headline\"  >Pour DJUCED&reg;, le DJing repose sur le feeling, l\u2019harmonie, la cr\u00e9ation et l\u2019innovation. Nous gardons syst\u00e9matiquement ces \u00e9l\u00e9ments \u00e0 l\u2019esprit lorsque nous cr\u00e9ons nos logiciels.<\/h4><div class=\"special-heading-border\"><div class=\"special-heading-inner-border\"><\/div><\/div><\/div><br \/>\n<section  class='av_textblock_section av-jkns3cmo-08fc451ed0400cc4e4f9da61496cd6c6 '   itemscope=\"itemscope\" itemtype=\"https:\/\/schema.org\/CreativeWork\" ><div class='avia_textblock'  itemprop=\"text\" ><p>DJing is about feel: DJUCED\u00ae is here to make the DJ&rsquo;s job easier and more fun, not hinder you with technicalities. Our interfaces never interfere with the mix.<\/p>\n<p>DJing is about harmony: we work closely together in order to ensure a completely seamless user experience, featuring a complementary ecosystem.<\/p>\n<p>DJing is about creation: our goal is to facilitate inspiration and let DJs intuitively turn their ideas into sound, unleashing their creativity.<\/p>\n<p>DJing is about innovation: DJUCED\u00ae is constantly pioneering exciting, brand-new features. Step into the DJ party 3.0 era, and reinvent yourself every time you mix.<\/p>\n<\/div><\/section><\/p><\/div>\n\n","protected":false},"excerpt":{"rendered":"","protected":false},"author":1,"featured_media":0,"parent":0,"menu_order":0,"comment_status":"closed","ping_status":"closed","template":"","meta":{"footnotes":""},"class_list":["post-1787","page","type-page","status-publish","hentry"],"_links":{"self":[{"href":"https:\/\/www.djuced.com\/fr\/wp-json\/wp\/v2\/pages\/1787","targetHints":{"allow":["GET"]}}],"collection":[{"href":"https:\/\/www.djuced.com\/fr\/wp-json\/wp\/v2\/pages"}],"about":[{"href":"https:\/\/www.djuced.com\/fr\/wp-json\/wp\/v2\/types\/page"}],"author":[{"embeddable":true,"href":"https:\/\/www.djuced.com\/fr\/wp-json\/wp\/v2\/users\/1"}],"replies":[{"embeddable":true,"href":"https:\/\/www.djuced.com\/fr\/wp-json\/wp\/v2\/comments?post=1787"}],"version-history":[{"count":3,"href":"https:\/\/www.djuced.com\/fr\/wp-json\/wp\/v2\/pages\/1787\/revisions"}],"predecessor-version":[{"id":2979,"href":"https:\/\/www.djuced.com\/fr\/wp-json\/wp\/v2\/pages\/1787\/revisions\/2979"}],"wp:attachment":[{"href":"https:\/\/www.djuced.com\/fr\/wp-json\/wp\/v2\/media?parent=1787"}],"curies":[{"name":"wp","href":"https:\/\/api.w.org\/{rel}","templated":true}]}}