{"id":18631,"date":"2026-03-05T11:27:45","date_gmt":"2026-03-05T10:27:45","guid":{"rendered":"https:\/\/www.djuced.com\/djuced-pro-free-trial\/"},"modified":"2026-03-10T14:45:24","modified_gmt":"2026-03-10T13:45:24","slug":"djuced-pro-free-trial","status":"publish","type":"page","link":"https:\/\/www.djuced.com\/fr\/djuced-pro-free-trial\/","title":{"rendered":"Essai gratuit de DJUCED PRO"},"content":{"rendered":"\n<style type=\"text\/css\" data-created_by=\"avia_inline_auto\" id=\"style-css-av-m03lny4f-dd7e241858ecd283458b6c4c21515747\">\n.avia-section.av-m03lny4f-dd7e241858ecd283458b6c4c21515747{\nbackground-color:#121219;\nbackground-image:url(https:\/\/www.djuced.com\/wp-content\/uploads\/2025\/07\/DJUCED_PRO_lifestyle2-1500x1000.png);\nbackground-repeat:no-repeat;\nbackground-position:50% 0%;\nbackground-attachment:scroll;\n}\n.avia-section.av-m03lny4f-dd7e241858ecd283458b6c4c21515747 .av-section-color-overlay{\nopacity:0.7;\nbackground-color:#020202;\n}\n<\/style>\n<div id='av_section_1'  class='avia-section av-m03lny4f-dd7e241858ecd283458b6c4c21515747 main_color avia-section-default avia-no-border-styling  avia-builder-el-0  avia-builder-el-no-sibling  avia-full-stretch avia-bg-style-scroll av-section-color-overlay-active av-minimum-height av-minimum-height-custom av-height-custom  container_wrap fullsize'  data-section-bg-repeat='stretch' data-av_minimum_height_px='1000'><div class=\"av-section-color-overlay-wrap\"><div class=\"av-section-color-overlay\"><\/div><div class='container av-section-cont-open' style='height:1000px'><main  role=\"main\" itemprop=\"mainContentOfPage\"  class='template-page content  av-content-full alpha units'><div class='post-entry post-entry-type-page post-entry-18631'><div class='entry-content-wrapper clearfix'>\n\n<style type=\"text\/css\" data-created_by=\"avia_inline_auto\" id=\"style-css-av-mmacljfv-b71468b2ea1d03f565514a92a4de94c5\">\n.flex_column.av-mmacljfv-b71468b2ea1d03f565514a92a4de94c5{\nwidth:31.333333333333%;\nborder-radius:10px 10px 10px 10px;\npadding:40px 40px 40px 40px;\nbackground-color:rgba(0,0,0,0.8);\n}\n<\/style>\n<div  class='flex_column av-mmacljfv-b71468b2ea1d03f565514a92a4de94c5 av_one_third  avia-builder-el-1  el_before_av_one_fifth  avia-builder-el-first  first flex_column_div  '     ><section  class='av_textblock_section av-mmacegjy-528e4e7a4556d68d9118b3a865d94103 '   itemscope=\"itemscope\" itemtype=\"https:\/\/schema.org\/CreativeWork\" ><div class='avia_textblock'  itemprop=\"text\" ><h3 style=\"text-align: center; color: #5632ed;\">Envie de d\u00e9couvrir DJUCED PRO ?<\/h3>\n<\/div><\/section><br \/>\n\n<style type=\"text\/css\" data-created_by=\"avia_inline_auto\" id=\"style-css-av-3slduxd-a2dc5dc90813db4f9936e91a8d85fe5f\">\n#top .hr.hr-invisible.av-3slduxd-a2dc5dc90813db4f9936e91a8d85fe5f{\nheight:20px;\n}\n<\/style>\n<div  class='hr av-3slduxd-a2dc5dc90813db4f9936e91a8d85fe5f hr-invisible  avia-builder-el-3  el_after_av_textblock  el_before_av_image '><span class='hr-inner '><span class=\"hr-inner-style\"><\/span><\/span><\/div><br \/>\n\n<style type=\"text\/css\" data-created_by=\"avia_inline_auto\" id=\"style-css-av-mmad1873-6c358f5cb7f45697c908957d055ece26\">\n.avia-image-container.av-mmad1873-6c358f5cb7f45697c908957d055ece26 img.avia_image{\nbox-shadow:none;\n}\n.avia-image-container.av-mmad1873-6c358f5cb7f45697c908957d055ece26 .av-image-caption-overlay-center{\ncolor:#ffffff;\n}\n<\/style>\n<div  class='avia-image-container av-mmad1873-6c358f5cb7f45697c908957d055ece26 av-styling- avia-align-center  avia-builder-el-4  el_after_av_hr  el_before_av_hr '   itemprop=\"image\" itemscope=\"itemscope\" itemtype=\"https:\/\/schema.org\/ImageObject\" ><div class=\"avia-image-container-inner\"><div class=\"avia-image-overlay-wrap\"><img decoding=\"async\" fetchpriority=\"high\" class='wp-image-18533 avia-img-lazy-loading-not-18533 avia_image ' src=\"https:\/\/www.djuced.com\/wp-content\/uploads\/2026\/03\/DJUCED-PRO-FT-screen-1.png\" alt='' title='DJUCED PRO FT screen'  height=\"230\" width=\"443\"  itemprop=\"thumbnailUrl\" srcset=\"https:\/\/www.djuced.com\/wp-content\/uploads\/2026\/03\/DJUCED-PRO-FT-screen-1.png 443w, https:\/\/www.djuced.com\/wp-content\/uploads\/2026\/03\/DJUCED-PRO-FT-screen-1-300x156.png 300w, https:\/\/www.djuced.com\/wp-content\/uploads\/2026\/03\/DJUCED-PRO-FT-screen-1-360x187.png 360w\" sizes=\"(max-width: 443px) 100vw, 443px\" \/><\/div><\/div><\/div><br \/>\n\n<style type=\"text\/css\" data-created_by=\"avia_inline_auto\" id=\"style-css-av-mmack1fz-56ab88d87f01d7edf122c1c113fec1e7\">\n#top .hr.hr-invisible.av-mmack1fz-56ab88d87f01d7edf122c1c113fec1e7{\nheight:10px;\n}\n<\/style>\n<div  class='hr av-mmack1fz-56ab88d87f01d7edf122c1c113fec1e7 hr-invisible  avia-builder-el-5  el_after_av_image  el_before_av_textblock '><span class='hr-inner '><span class=\"hr-inner-style\"><\/span><\/span><\/div><br \/>\n<section  class='av_textblock_section av-mmacexj5-c4432ff4e2d459db4a8c6bbed4cfeead '   itemscope=\"itemscope\" itemtype=\"https:\/\/schema.org\/CreativeWork\" ><div class='avia_textblock'  itemprop=\"text\" ><p>Acc\u00e9dez gratuitement \u00e0 toutes les fonctionnalit\u00e9s de DJUCED PRO pendant 15 jours !<\/p>\n<p>Aucune carte bancaire requise. En seulement trois \u00e9tapes avec votre compte, vous \u00eates pr\u00eat \u00e0 mixer comme un pro.<\/p>\n<\/div><\/section><\/p><\/div>\n<style type=\"text\/css\" data-created_by=\"avia_inline_auto\" id=\"style-css-av-mmad6kxj-c5f609a58040dd954fe9c10d7dc70ca2\">\n.flex_column.av-mmad6kxj-c5f609a58040dd954fe9c10d7dc70ca2{\nwidth:17.6%;\nmargin-left:3%;\nborder-radius:10px 10px 10px 10px;\npadding:40px 40px 40px 40px;\nheight:auto;\nmin-height:300px;\nbackground-color:rgba(0,0,0,0.8);\n}\n<\/style>\n<div  class='flex_column av-mmad6kxj-c5f609a58040dd954fe9c10d7dc70ca2 av_one_fifth  avia-builder-el-7  el_after_av_one_third  el_before_av_one_fifth  flex_column_div  '     ><section  class='av_textblock_section av-mmacfe2x-90a08d2e2257e87730e7992fb675b5e4 '   itemscope=\"itemscope\" itemtype=\"https:\/\/schema.org\/CreativeWork\" ><div class='avia_textblock'  itemprop=\"text\" ><h3 style=\"text-align: center; color: #5632ed;\">\u00c9tape 1<\/h3>\n<\/div><\/section><br \/>\n\n<style type=\"text\/css\" data-created_by=\"avia_inline_auto\" id=\"style-css-av-3m4h32p-4a1bbfd34b02380e0a704b9b3893396a\">\n#top .hr.hr-invisible.av-3m4h32p-4a1bbfd34b02380e0a704b9b3893396a{\nheight:20px;\n}\n<\/style>\n<div  class='hr av-3m4h32p-4a1bbfd34b02380e0a704b9b3893396a hr-invisible  avia-builder-el-9  el_after_av_textblock  el_before_av_image '><span class='hr-inner '><span class=\"hr-inner-style\"><\/span><\/span><\/div><br \/>\n\n<style type=\"text\/css\" data-created_by=\"avia_inline_auto\" id=\"style-css-av-mmad95fo-24c31c4472bd4bbcf5ae77f1d87dbe5f\">\n.avia-image-container.av-mmad95fo-24c31c4472bd4bbcf5ae77f1d87dbe5f img.avia_image{\nbox-shadow:none;\n}\n.avia-image-container.av-mmad95fo-24c31c4472bd4bbcf5ae77f1d87dbe5f .av-image-caption-overlay-center{\ncolor:#ffffff;\n}\n<\/style>\n<div  class='avia-image-container av-mmad95fo-24c31c4472bd4bbcf5ae77f1d87dbe5f av-styling- avia-align-center  avia-builder-el-10  el_after_av_hr  el_before_av_hr '   itemprop=\"image\" itemscope=\"itemscope\" itemtype=\"https:\/\/schema.org\/ImageObject\" ><div class=\"avia-image-container-inner\"><div class=\"avia-image-overlay-wrap\"><img decoding=\"async\" fetchpriority=\"high\" class='wp-image-18545 avia-img-lazy-loading-not-18545 avia_image ' src=\"https:\/\/www.djuced.com\/wp-content\/uploads\/2026\/03\/Group-5.png\" alt='' title='Group 5'  height=\"123\" width=\"234\"  itemprop=\"thumbnailUrl\"  \/><\/div><\/div><\/div><br \/>\n\n<style type=\"text\/css\" data-created_by=\"avia_inline_auto\" id=\"style-css-av-300c8y9-abf94b65e9c8fad68f29805f9e7bf079\">\n#top .hr.hr-invisible.av-300c8y9-abf94b65e9c8fad68f29805f9e7bf079{\nheight:10px;\n}\n<\/style>\n<div  class='hr av-300c8y9-abf94b65e9c8fad68f29805f9e7bf079 hr-invisible  avia-builder-el-11  el_after_av_image  el_before_av_textblock '><span class='hr-inner '><span class=\"hr-inner-style\"><\/span><\/span><\/div><br \/>\n<section  class='av_textblock_section av-mmacgdhc-909aa74a77fa7475d72d6363e816266f '   itemscope=\"itemscope\" itemtype=\"https:\/\/schema.org\/CreativeWork\" ><div class='avia_textblock'  itemprop=\"text\" ><p style=\"text-align: center;\">Ouvrez le logiciel DJUCED<\/p>\n<\/div><\/section><br \/>\n<div  class='avia-button-wrap av-mmj2zn84-1db9853b08200eb9624639f089030c12-wrap avia-button-center  avia-builder-el-13  el_after_av_textblock  avia-builder-el-last '>\n<style type=\"text\/css\" data-created_by=\"avia_inline_auto\" id=\"style-css-av-mmj2zn84-1db9853b08200eb9624639f089030c12\">\n#top #wrap_all .avia-button.av-mmj2zn84-1db9853b08200eb9624639f089030c12{\nfont-size:16px;\nbackground-color:#5632ed;\nborder-color:#5632ed;\nborder-style:none;\ntransition:all 0.4s ease-in-out;\n}\n#top #wrap_all .avia-button.av-mmj2zn84-1db9853b08200eb9624639f089030c12:hover{\nbackground-color:#2e03af;\ncolor:white;\ntransition:all 0.4s ease-in-out;\n}\n#top #wrap_all .avia-button.av-mmj2zn84-1db9853b08200eb9624639f089030c12:hover .avia-svg-icon svg:first-child{\nfill:white;\nstroke:white;\n}\n<\/style>\n<a href='https:\/\/www.djuced.com\/downloaddjuced\/'  class='avia-button av-mmj2zn84-1db9853b08200eb9624639f089030c12 av-link-btn avia-icon_select-no avia-size-medium avia-position-center avia-font-color-theme-color'   aria-label=\"T\u00e9l\u00e9charger DJUCED gratuitement\"><span class='avia_iconbox_title' >T\u00e9l\u00e9charger DJUCED gratuitement<\/span><\/a><\/div><\/p><\/div>\n<style type=\"text\/css\" data-created_by=\"avia_inline_auto\" id=\"style-css-av-mmaeb9d3-1f6112db522232b741b73ad4c4b00d17\">\n.flex_column.av-mmaeb9d3-1f6112db522232b741b73ad4c4b00d17{\nwidth:17.6%;\nmargin-left:3%;\nborder-radius:10px 10px 10px 10px;\npadding:40px 40px 40px 40px;\nheight:auto;\nmin-height:300 px;\nbackground-color:rgba(0,0,0,0.8);\n}\n<\/style>\n<div  class='flex_column av-mmaeb9d3-1f6112db522232b741b73ad4c4b00d17 av_one_fifth  avia-builder-el-14  el_after_av_one_fifth  el_before_av_one_fifth  flex_column_div  '     ><section  class='av_textblock_section av-mmadomcl-7fb2132ccaf8b32a6ddbbd4cc5b8d3e7 '   itemscope=\"itemscope\" itemtype=\"https:\/\/schema.org\/CreativeWork\" ><div class='avia_textblock'  itemprop=\"text\" ><h3 style=\"text-align: center; color: #5632ed;\">\u00c9tape 2<\/h3>\n<\/div><\/section><br \/>\n\n<style type=\"text\/css\" data-created_by=\"avia_inline_auto\" id=\"style-css-av-vx8a9-771fde36d743e33e651bfc4a18eb5b03\">\n#top .hr.hr-invisible.av-vx8a9-771fde36d743e33e651bfc4a18eb5b03{\nheight:20px;\n}\n<\/style>\n<div  class='hr av-vx8a9-771fde36d743e33e651bfc4a18eb5b03 hr-invisible  avia-builder-el-16  el_after_av_textblock  el_before_av_image '><span class='hr-inner '><span class=\"hr-inner-style\"><\/span><\/span><\/div><br \/>\n\n<style type=\"text\/css\" data-created_by=\"avia_inline_auto\" id=\"style-css-av-mmadq0xb-367510cbc192110b45d7742a92c098a8\">\n.avia-image-container.av-mmadq0xb-367510cbc192110b45d7742a92c098a8 img.avia_image{\nbox-shadow:none;\n}\n.avia-image-container.av-mmadq0xb-367510cbc192110b45d7742a92c098a8 .av-image-caption-overlay-center{\ncolor:#ffffff;\n}\n<\/style>\n<div  class='avia-image-container av-mmadq0xb-367510cbc192110b45d7742a92c098a8 av-styling- avia-align-center  avia-builder-el-17  el_after_av_hr  el_before_av_hr '   itemprop=\"image\" itemscope=\"itemscope\" itemtype=\"https:\/\/schema.org\/ImageObject\" ><div class=\"avia-image-container-inner\"><div class=\"avia-image-overlay-wrap\"><img decoding=\"async\" fetchpriority=\"high\" class='wp-image-18670 avia-img-lazy-loading-not-18670 avia_image ' src=\"https:\/\/www.djuced.com\/wp-content\/uploads\/2026\/03\/Try-PRO-interface-1.png\" alt='' title='Try PRO interface'  height=\"124\" width=\"270\"  itemprop=\"thumbnailUrl\"  \/><\/div><\/div><\/div><br \/>\n\n<style type=\"text\/css\" data-created_by=\"avia_inline_auto\" id=\"style-css-av-22h1ggh-51f306fb418d1840f25d0484856361bf\">\n#top .hr.hr-invisible.av-22h1ggh-51f306fb418d1840f25d0484856361bf{\nheight:10px;\n}\n<\/style>\n<div  class='hr av-22h1ggh-51f306fb418d1840f25d0484856361bf hr-invisible  avia-builder-el-18  el_after_av_image  el_before_av_textblock '><span class='hr-inner '><span class=\"hr-inner-style\"><\/span><\/span><\/div><br \/>\n<section  class='av_textblock_section av-mmae9cg1-15c0e4019f6837954b0d6d1883da0ced '   itemscope=\"itemscope\" itemtype=\"https:\/\/schema.org\/CreativeWork\" ><div class='avia_textblock'  itemprop=\"text\" ><p style=\"text-align: center;\">Cliquez sur \u00ab\u00a0ESSAYER PRO\u00a0\u00bb et connectez-vous au logiciel<\/p>\n<\/div><\/section><\/p><\/div>\n<style type=\"text\/css\" data-created_by=\"avia_inline_auto\" id=\"style-css-av-mmaebozs-328aedd2703bf0fb5e6b64f8117067e9\">\n.flex_column.av-mmaebozs-328aedd2703bf0fb5e6b64f8117067e9{\nwidth:17.6%;\nmargin-left:3%;\nborder-radius:10px 10px 10px 10px;\npadding:40px 40px 40px 40px;\nheight:auto;\nmin-height:300px;\nbackground-color:rgba(0,0,0,0.8);\n}\n<\/style>\n<div  class='flex_column av-mmaebozs-328aedd2703bf0fb5e6b64f8117067e9 av_one_fifth  avia-builder-el-20  el_after_av_one_fifth  avia-builder-el-last  flex_column_div  '     ><section  class='av_textblock_section av-mmae78qs-9216b5720dfc5031beaebde185c0038e '   itemscope=\"itemscope\" itemtype=\"https:\/\/schema.org\/CreativeWork\" ><div class='avia_textblock'  itemprop=\"text\" ><h3 style=\"text-align: center; color: #5632ed;\">\u00c9tape 3<\/h3>\n<\/div><\/section><br \/>\n\n<style type=\"text\/css\" data-created_by=\"avia_inline_auto\" id=\"style-css-av-1ss9qa9-716b11afe98d898c1ce7cab70822b791\">\n#top .hr.hr-invisible.av-1ss9qa9-716b11afe98d898c1ce7cab70822b791{\nheight:20px;\n}\n<\/style>\n<div  class='hr av-1ss9qa9-716b11afe98d898c1ce7cab70822b791 hr-invisible  avia-builder-el-22  el_after_av_textblock  el_before_av_image '><span class='hr-inner '><span class=\"hr-inner-style\"><\/span><\/span><\/div><br \/>\n\n<style type=\"text\/css\" data-created_by=\"avia_inline_auto\" id=\"style-css-av-12l4ywh-e57a33fd2dc65bd63b1b683072ddd76a\">\n.avia-image-container.av-12l4ywh-e57a33fd2dc65bd63b1b683072ddd76a img.avia_image{\nbox-shadow:none;\n}\n.avia-image-container.av-12l4ywh-e57a33fd2dc65bd63b1b683072ddd76a .av-image-caption-overlay-center{\ncolor:#ffffff;\n}\n<\/style>\n<div  class='avia-image-container av-12l4ywh-e57a33fd2dc65bd63b1b683072ddd76a av-styling- avia-align-center  avia-builder-el-23  el_after_av_hr  el_before_av_hr '   itemprop=\"image\" itemscope=\"itemscope\" itemtype=\"https:\/\/schema.org\/ImageObject\" ><div class=\"avia-image-container-inner\"><div class=\"avia-image-overlay-wrap\"><img decoding=\"async\" fetchpriority=\"high\" class='wp-image-18599 avia-img-lazy-loading-not-18599 avia_image ' src=\"https:\/\/www.djuced.com\/wp-content\/uploads\/2026\/03\/Step-3.png\" alt='' title='Step 3'  height=\"129\" width=\"244\"  itemprop=\"thumbnailUrl\"  \/><\/div><\/div><\/div><br \/>\n\n<style type=\"text\/css\" data-created_by=\"avia_inline_auto\" id=\"style-css-av-v6j27l-70c673a7df4912b04b4b120e3489e61e\">\n#top .hr.hr-invisible.av-v6j27l-70c673a7df4912b04b4b120e3489e61e{\nheight:10px;\n}\n<\/style>\n<div  class='hr av-v6j27l-70c673a7df4912b04b4b120e3489e61e hr-invisible  avia-builder-el-24  el_after_av_image  el_before_av_textblock '><span class='hr-inner '><span class=\"hr-inner-style\"><\/span><\/span><\/div><br \/>\n<section  class='av_textblock_section av-mmj37551-fc6fab977f4218bc23c176bb4fc5a08a '   itemscope=\"itemscope\" itemtype=\"https:\/\/schema.org\/CreativeWork\" ><div class='avia_textblock'  itemprop=\"text\" ><p style=\"text-align: center;\">Red\u00e9marrez le logiciel et profitez!<\/p>\n<\/div><\/section><br \/>\n\n<style type=\"text\/css\" data-created_by=\"avia_inline_auto\" id=\"style-css-av-mmaeevp8-b999d0dd37e185576a28a237f02b6a0d\">\n#top .hr.hr-invisible.av-mmaeevp8-b999d0dd37e185576a28a237f02b6a0d{\nheight:20px;\n}\n<\/style>\n<div  class='hr av-mmaeevp8-b999d0dd37e185576a28a237f02b6a0d hr-invisible  avia-builder-el-26  el_after_av_textblock  avia-builder-el-last '><span class='hr-inner '><span class=\"hr-inner-style\"><\/span><\/span><\/div><\/p><\/div>\n","protected":false},"excerpt":{"rendered":"","protected":false},"author":37247,"featured_media":0,"parent":0,"menu_order":0,"comment_status":"closed","ping_status":"closed","template":"","meta":{"footnotes":""},"class_list":["post-18631","page","type-page","status-publish","hentry"],"_links":{"self":[{"href":"https:\/\/www.djuced.com\/fr\/wp-json\/wp\/v2\/pages\/18631","targetHints":{"allow":["GET"]}}],"collection":[{"href":"https:\/\/www.djuced.com\/fr\/wp-json\/wp\/v2\/pages"}],"about":[{"href":"https:\/\/www.djuced.com\/fr\/wp-json\/wp\/v2\/types\/page"}],"author":[{"embeddable":true,"href":"https:\/\/www.djuced.com\/fr\/wp-json\/wp\/v2\/users\/37247"}],"replies":[{"embeddable":true,"href":"https:\/\/www.djuced.com\/fr\/wp-json\/wp\/v2\/comments?post=18631"}],"version-history":[{"count":38,"href":"https:\/\/www.djuced.com\/fr\/wp-json\/wp\/v2\/pages\/18631\/revisions"}],"predecessor-version":[{"id":18762,"href":"https:\/\/www.djuced.com\/fr\/wp-json\/wp\/v2\/pages\/18631\/revisions\/18762"}],"wp:attachment":[{"href":"https:\/\/www.djuced.com\/fr\/wp-json\/wp\/v2\/media?parent=18631"}],"curies":[{"name":"wp","href":"https:\/\/api.w.org\/{rel}","templated":true}]}}